{"id":23,"date":"2026-05-07T12:24:26","date_gmt":"2026-05-07T12:24:26","guid":{"rendered":"https:\/\/charlottetaton.fr\/?page_id=23"},"modified":"2026-05-08T17:39:38","modified_gmt":"2026-05-08T15:39:38","slug":"echographie-abdominale","status":"publish","type":"page","link":"https:\/\/charlottetaton.fr\/index.php\/echographie-abdominale\/","title":{"rendered":"\u00c9chographie abdominale"},"content":{"rendered":"\n<p>L\u2019\u00e9chographie abdominale est un examen d\u2019imagerie indolore, largement utilis\u00e9 en m\u00e9decine v\u00e9t\u00e9rinaire pour explorer les organes internes de l\u2019abdomen. <\/p>\n\n\n\n<div class=\"wp-block-media-text is-stacked-on-mobile\"><figure class=\"wp-block-media-text__media\"><video controls src=\"https:\/\/charlottetaton.fr\/wp-content\/uploads\/2026\/05\/Video-rein.mp4\"><\/video><\/figure><div class=\"wp-block-media-text__content\">\n<p>Gr\u00e2ce aux ultrasons, elle permet d\u2019obtenir des images en temps r\u00e9el sans irradiation et d\u2019\u00e9valuer \u00e0 la fois la structure et le fonctionnement des organes.<\/p>\n\n\n\n<p>Cet examen est particuli\u00e8rement utile pour rechercher l\u2019origine de sympt\u00f4mes tels que vomissements, diarrh\u00e9e, perte de poids, douleurs abdominales ou anomalies urinaires. Il permet de d\u00e9tecter des anomalies comme des masses, des inflammations, des calculs ou des \u00e9panchements et d\u2019orienter rapidement le diagnostic.<\/p>\n\n\n\n<p>La vid\u00e9o ci-contre montre un examen r\u00e9nal.<\/p>\n<\/div><\/div>\n\n\n\n<p>Dans certains cas, l\u2019\u00e9chographie peut \u00eatre associ\u00e9e \u00e0 des gestes guid\u00e9s (ponction) afin d\u2019affiner les analyses, toujours dans des conditions de s\u00e9curit\u00e9 optimales pour l\u2019animal.<\/p>\n\n\n\n<p><\/p>\n","protected":false},"excerpt":{"rendered":"<p>L\u2019\u00e9chographie abdominale est un examen d\u2019imagerie indolore, largement utilis\u00e9 en m\u00e9decine v\u00e9t\u00e9rinaire pour explorer les organes internes de l\u2019abdomen. Gr\u00e2ce aux ultrasons, elle permet d\u2019obtenir des images en temps r\u00e9el sans irradiation et d\u2019\u00e9valuer \u00e0 la fois la structure et le fonctionnement des organes. Cet examen est particuli\u00e8rement utile pour rechercher l\u2019origine de sympt\u00f4mes tels&#8230;<\/p>\n","protected":false},"author":1,"featured_media":0,"parent":0,"menu_order":0,"comment_status":"closed","ping_status":"closed","template":"","meta":{"_monsterinsights_skip_tracking":false,"_monsterinsights_sitenote_active":false,"_monsterinsights_sitenote_note":"","_monsterinsights_sitenote_category":0,"_kad_post_transparent":"","_kad_post_title":"","_kad_post_layout":"","_kad_post_sidebar_id":"","_kad_post_content_style":"","_kad_post_vertical_padding":"","_kad_post_feature":"","_kad_post_feature_position":"","_kad_post_header":false,"_kad_post_footer":false,"_kad_post_classname":"","footnotes":""},"class_list":["post-23","page","type-page","status-publish","hentry"],"aioseo_notices":[],"_links":{"self":[{"href":"https:\/\/charlottetaton.fr\/index.php\/wp-json\/wp\/v2\/pages\/23","targetHints":{"allow":["GET"]}}],"collection":[{"href":"https:\/\/charlottetaton.fr\/index.php\/wp-json\/wp\/v2\/pages"}],"about":[{"href":"https:\/\/charlottetaton.fr\/index.php\/wp-json\/wp\/v2\/types\/page"}],"author":[{"embeddable":true,"href":"https:\/\/charlottetaton.fr\/index.php\/wp-json\/wp\/v2\/users\/1"}],"replies":[{"embeddable":true,"href":"https:\/\/charlottetaton.fr\/index.php\/wp-json\/wp\/v2\/comments?post=23"}],"version-history":[{"count":4,"href":"https:\/\/charlottetaton.fr\/index.php\/wp-json\/wp\/v2\/pages\/23\/revisions"}],"predecessor-version":[{"id":204,"href":"https:\/\/charlottetaton.fr\/index.php\/wp-json\/wp\/v2\/pages\/23\/revisions\/204"}],"wp:attachment":[{"href":"https:\/\/charlottetaton.fr\/index.php\/wp-json\/wp\/v2\/media?parent=23"}],"curies":[{"name":"wp","href":"https:\/\/api.w.org\/{rel}","templated":true}]}}