{"id":28,"date":"2026-05-07T12:32:38","date_gmt":"2026-05-07T12:32:38","guid":{"rendered":"https:\/\/charlottetaton.fr\/?page_id=28"},"modified":"2026-05-08T17:49:05","modified_gmt":"2026-05-08T15:49:05","slug":"electrocardiogramme-ecg","status":"publish","type":"page","link":"https:\/\/charlottetaton.fr\/index.php\/electrocardiogramme-ecg\/","title":{"rendered":"\u00c9lectrocardiogramme (ECG)"},"content":{"rendered":"\n<p>L\u2019\u00e9lectrocardiogramme (ECG) est un examen simple et rapide qui enregistre l\u2019activit\u00e9 \u00e9lectrique du c\u0153ur \u00e0 l\u2019aide d\u2019\u00e9lectrodes plac\u00e9es sur la peau de l&rsquo;animal. <\/p>\n\n\n\n<div class=\"wp-block-media-text is-stacked-on-mobile\"><figure class=\"wp-block-media-text__media\"><img loading=\"lazy\" decoding=\"async\" width=\"1016\" height=\"708\" src=\"https:\/\/charlottetaton.fr\/wp-content\/uploads\/2026\/05\/Doppler-spectral-flux-aortique-1.jpg\" alt=\"\" class=\"wp-image-209 size-full\" srcset=\"https:\/\/charlottetaton.fr\/wp-content\/uploads\/2026\/05\/Doppler-spectral-flux-aortique-1.jpg 1016w, https:\/\/charlottetaton.fr\/wp-content\/uploads\/2026\/05\/Doppler-spectral-flux-aortique-1-300x209.jpg 300w, https:\/\/charlottetaton.fr\/wp-content\/uploads\/2026\/05\/Doppler-spectral-flux-aortique-1-768x535.jpg 768w\" sizes=\"auto, (max-width: 1016px) 100vw, 1016px\" \/><\/figure><div class=\"wp-block-media-text__content\">\n<p>Il permet d\u2019analyser le rythme cardiaque et la conduction \u00e9lectrique sans douleur ni effet secondaire.<\/p>\n\n\n\n<p>Ci-contre: doppler spectral de flux aortique<\/p>\n\n\n\n<p>Cet examen est particuli\u00e8rement indiqu\u00e9 en cas de suspicion de troubles du rythme (arythmies), de malaises, de syncopes ou lors du suivi de certaines maladies cardiaques.<\/p>\n<\/div><\/div>\n\n\n\n<p>Il peut \u00e9galement \u00eatre r\u00e9alis\u00e9 en compl\u00e9ment d\u2019une <a href=\"https:\/\/charlottetaton.fr\/index.php\/echocardiographie\/\" title=\"\u00c9chocardiographie\">\u00e9chocardiographie<\/a> afin d\u2019obtenir une \u00e9valuation compl\u00e8te du c\u0153ur.<\/p>\n\n\n\n<p>L\u2019ECG est un outil pr\u00e9cieux pour poser un diagnostic pr\u00e9cis, adapter un traitement et surveiller l\u2019\u00e9volution de la fonction cardiaque dans le temps.<\/p>\n","protected":false},"excerpt":{"rendered":"<p>L\u2019\u00e9lectrocardiogramme (ECG) est un examen simple et rapide qui enregistre l\u2019activit\u00e9 \u00e9lectrique du c\u0153ur \u00e0 l\u2019aide d\u2019\u00e9lectrodes plac\u00e9es sur la peau de l&rsquo;animal. Il permet d\u2019analyser le rythme cardiaque et la conduction \u00e9lectrique sans douleur ni effet secondaire. Ci-contre: doppler spectral de flux aortique Cet examen est particuli\u00e8rement indiqu\u00e9 en cas de suspicion de troubles&#8230;<\/p>\n","protected":false},"author":1,"featured_media":0,"parent":0,"menu_order":0,"comment_status":"closed","ping_status":"closed","template":"","meta":{"_monsterinsights_skip_tracking":false,"_monsterinsights_sitenote_active":false,"_monsterinsights_sitenote_note":"","_monsterinsights_sitenote_category":0,"_kad_post_transparent":"","_kad_post_title":"","_kad_post_layout":"","_kad_post_sidebar_id":"","_kad_post_content_style":"","_kad_post_vertical_padding":"","_kad_post_feature":"","_kad_post_feature_position":"","_kad_post_header":false,"_kad_post_footer":false,"_kad_post_classname":"","footnotes":""},"class_list":["post-28","page","type-page","status-publish","hentry"],"aioseo_notices":[],"_links":{"self":[{"href":"https:\/\/charlottetaton.fr\/index.php\/wp-json\/wp\/v2\/pages\/28","targetHints":{"allow":["GET"]}}],"collection":[{"href":"https:\/\/charlottetaton.fr\/index.php\/wp-json\/wp\/v2\/pages"}],"about":[{"href":"https:\/\/charlottetaton.fr\/index.php\/wp-json\/wp\/v2\/types\/page"}],"author":[{"embeddable":true,"href":"https:\/\/charlottetaton.fr\/index.php\/wp-json\/wp\/v2\/users\/1"}],"replies":[{"embeddable":true,"href":"https:\/\/charlottetaton.fr\/index.php\/wp-json\/wp\/v2\/comments?post=28"}],"version-history":[{"count":2,"href":"https:\/\/charlottetaton.fr\/index.php\/wp-json\/wp\/v2\/pages\/28\/revisions"}],"predecessor-version":[{"id":211,"href":"https:\/\/charlottetaton.fr\/index.php\/wp-json\/wp\/v2\/pages\/28\/revisions\/211"}],"wp:attachment":[{"href":"https:\/\/charlottetaton.fr\/index.php\/wp-json\/wp\/v2\/media?parent=28"}],"curies":[{"name":"wp","href":"https:\/\/api.w.org\/{rel}","templated":true}]}}