{"id":8,"date":"2026-05-06T16:30:58","date_gmt":"2026-05-06T16:30:58","guid":{"rendered":"https:\/\/charlottetaton.fr\/?page_id=8"},"modified":"2026-05-10T11:27:13","modified_gmt":"2026-05-10T09:27:13","slug":"echo","status":"publish","type":"page","link":"https:\/\/charlottetaton.fr\/index.php\/echo\/","title":{"rendered":"\u00c9cho"},"content":{"rendered":"\n<p class=\"has-medium-font-size\">Le Docteur V\u00e9t\u00e9rinaire Charlotte Taton propose aux professionnels de la sant\u00e9 animale trois services de diagnostic \u00e9chographique:<\/p>\n\n\n\n<div class=\"wp-block-media-text is-stacked-on-mobile\"><figure class=\"wp-block-media-text__media\"><img loading=\"lazy\" decoding=\"async\" width=\"1024\" height=\"668\" src=\"http:\/\/charlottetaton.fr\/wp-content\/uploads\/2026\/05\/ChienEntier1-1024x668.jpg\" alt=\"\" class=\"wp-image-255 size-full\" srcset=\"https:\/\/charlottetaton.fr\/wp-content\/uploads\/2026\/05\/ChienEntier1-1024x668.jpg 1024w, https:\/\/charlottetaton.fr\/wp-content\/uploads\/2026\/05\/ChienEntier1-300x196.jpg 300w, https:\/\/charlottetaton.fr\/wp-content\/uploads\/2026\/05\/ChienEntier1-768x501.jpg 768w, https:\/\/charlottetaton.fr\/wp-content\/uploads\/2026\/05\/ChienEntier1-1536x1002.jpg 1536w, https:\/\/charlottetaton.fr\/wp-content\/uploads\/2026\/05\/ChienEntier1.jpg 1557w\" sizes=\"auto, (max-width: 1024px) 100vw, 1024px\" \/><\/figure><div class=\"wp-block-media-text__content\">\n<p style=\"font-size:24px\"><a href=\"https:\/\/charlottetaton.fr\/index.php\/echographie-abdominale\/\" title=\"\u00c9chographie abdominale\">L&rsquo;\u00e9chographie abdominale<\/a><\/p>\n\n\n\n<p style=\"font-size:24px\"><a href=\"https:\/\/charlottetaton.fr\/index.php\/echocardiographie\/\" title=\"\u00c9chocardiographie\">L&rsquo;\u00e9chocardiographie<\/a><\/p>\n\n\n\n<p style=\"font-size:24px\"><a href=\"https:\/\/charlottetaton.fr\/index.php\/electrocardiogramme-ecg\/\" title=\"\u00c9lectrocardiogramme (ECG)\">L&rsquo;\u00e9lectro cardiogramme (ECG)<\/a><\/p>\n<\/div><\/div>\n\n\n\n<div class=\"wp-block-buttons is-content-justification-center is-layout-flex wp-container-core-buttons-is-layout-16018d1d wp-block-buttons-is-layout-flex\">\n<div class=\"wp-block-button\"><a class=\"wp-block-button__link wp-element-button\" href=\"https:\/\/charlottetaton.fr\/index.php\/contact\/\">Prendre un rendez-vous professionnel<\/a><\/div>\n<\/div>\n\n\n\n<div class=\"wp-block-media-text has-media-on-the-right is-stacked-on-mobile has-theme-palette-7-background-color has-background\" style=\"grid-template-columns:auto 24%\"><div class=\"wp-block-media-text__content\">\n<p>Le Docteur V\u00e9t\u00e9rinaire Charlotte Taton, form\u00e9e \u00e0 l\u2019\u00e9chographie g\u00e9n\u00e9rale et \u00e0 la m\u00e9decine interne, est co-autrice de l\u2019Encyclop\u00e9die anim\u00e9e d\u2019imagerie cardiovasculaire ultrasonore du chien et du chat parue chez Elsevier en 2018.<\/p>\n\n\n\n<p>Ci-contre: l&rsquo;Encyclope\u0301die d\u2019Imagerie Cardiovasculaire ultrasonore du chien et du chat<\/p>\n<\/div><figure class=\"wp-block-media-text__media\"><img loading=\"lazy\" decoding=\"async\" width=\"779\" height=\"1024\" src=\"http:\/\/charlottetaton.fr\/wp-content\/uploads\/2026\/05\/EncyclopedieImagerieCardioCouv-779x1024.jpg\" alt=\"\" class=\"wp-image-33 size-full\" srcset=\"https:\/\/charlottetaton.fr\/wp-content\/uploads\/2026\/05\/EncyclopedieImagerieCardioCouv-779x1024.jpg 779w, https:\/\/charlottetaton.fr\/wp-content\/uploads\/2026\/05\/EncyclopedieImagerieCardioCouv-228x300.jpg 228w, https:\/\/charlottetaton.fr\/wp-content\/uploads\/2026\/05\/EncyclopedieImagerieCardioCouv-768x1009.jpg 768w, https:\/\/charlottetaton.fr\/wp-content\/uploads\/2026\/05\/EncyclopedieImagerieCardioCouv-1169x1536.jpg 1169w, https:\/\/charlottetaton.fr\/wp-content\/uploads\/2026\/05\/EncyclopedieImagerieCardioCouv-1559x2048.jpg 1559w, https:\/\/charlottetaton.fr\/wp-content\/uploads\/2026\/05\/EncyclopedieImagerieCardioCouv-scaled.jpg 1948w\" sizes=\"auto, (max-width: 779px) 100vw, 779px\" \/><\/figure><\/div>\n\n\n\n<p><\/p>\n","protected":false},"excerpt":{"rendered":"<p>Le Docteur V\u00e9t\u00e9rinaire Charlotte Taton propose aux professionnels de la sant\u00e9 animale trois services de diagnostic \u00e9chographique: L&rsquo;\u00e9chographie abdominale L&rsquo;\u00e9chocardiographie L&rsquo;\u00e9lectro cardiogramme (ECG) Le Docteur V\u00e9t\u00e9rinaire Charlotte Taton, form\u00e9e \u00e0 l\u2019\u00e9chographie g\u00e9n\u00e9rale et \u00e0 la m\u00e9decine interne, est co-autrice de l\u2019Encyclop\u00e9die anim\u00e9e d\u2019imagerie cardiovasculaire ultrasonore du chien et du chat parue chez Elsevier en 2018&#8230;.<\/p>\n","protected":false},"author":1,"featured_media":0,"parent":0,"menu_order":0,"comment_status":"closed","ping_status":"closed","template":"","meta":{"_monsterinsights_skip_tracking":false,"_monsterinsights_sitenote_active":false,"_monsterinsights_sitenote_note":"","_monsterinsights_sitenote_category":0,"_kad_post_transparent":"","_kad_post_title":"","_kad_post_layout":"","_kad_post_sidebar_id":"","_kad_post_content_style":"","_kad_post_vertical_padding":"","_kad_post_feature":"","_kad_post_feature_position":"","_kad_post_header":false,"_kad_post_footer":false,"_kad_post_classname":"","footnotes":""},"class_list":["post-8","page","type-page","status-publish","hentry"],"aioseo_notices":[],"_links":{"self":[{"href":"https:\/\/charlottetaton.fr\/index.php\/wp-json\/wp\/v2\/pages\/8","targetHints":{"allow":["GET"]}}],"collection":[{"href":"https:\/\/charlottetaton.fr\/index.php\/wp-json\/wp\/v2\/pages"}],"about":[{"href":"https:\/\/charlottetaton.fr\/index.php\/wp-json\/wp\/v2\/types\/page"}],"author":[{"embeddable":true,"href":"https:\/\/charlottetaton.fr\/index.php\/wp-json\/wp\/v2\/users\/1"}],"replies":[{"embeddable":true,"href":"https:\/\/charlottetaton.fr\/index.php\/wp-json\/wp\/v2\/comments?post=8"}],"version-history":[{"count":12,"href":"https:\/\/charlottetaton.fr\/index.php\/wp-json\/wp\/v2\/pages\/8\/revisions"}],"predecessor-version":[{"id":268,"href":"https:\/\/charlottetaton.fr\/index.php\/wp-json\/wp\/v2\/pages\/8\/revisions\/268"}],"wp:attachment":[{"href":"https:\/\/charlottetaton.fr\/index.php\/wp-json\/wp\/v2\/media?parent=8"}],"curies":[{"name":"wp","href":"https:\/\/api.w.org\/{rel}","templated":true}]}}